{"id":24,"date":"2015-05-20T09:58:46","date_gmt":"2015-05-20T08:58:46","guid":{"rendered":"http:\/\/a1projects.eu\/new\/?page_id=24"},"modified":"2022-11-15T13:25:20","modified_gmt":"2022-11-15T12:25:20","slug":"a1-projects-b-v","status":"publish","type":"page","link":"https:\/\/a1projects.eu\/de\/","title":{"rendered":"A1 projects B.V."},"content":{"rendered":"<div class=\"content\">\n<p>A1 Projects ist eine private Gesellschaft, die speziell auf den deutschen Immobilienmarkt t\u00e4tig ist. Durch unsere Erfahrung und eine sehr spezifische und einzigartige Einkaufspolitik, haben wir die M\u00f6glichkeit genutzt, eine deutsche Immobilienportfolio von sehr hoher Qualit\u00e4t aufzubauen.<\/p>\n<p>Verwaltung der Geb\u00e4ude und den Kontakt mit den Mietern, geschieht so oft wie m\u00f6glich aus unserem B\u00fcro. Zusammen mit der Tatsache, dass A1 Projects sich zum Ziel gesetzt hat die Nebenkosten der Mieter zu minimieren, macht es aus dass wir au\u00dfergew\u00f6hnlich gute Kontakte zu unseren Mietern haben.<\/p>\n<p>Durch unsere strenge Verwaltungs-Strategien und strenge \u00dcberpr\u00fcfung von potenziellen Mietern in unseren Geb\u00e4uden, erstellen wir ein Lebens- und Arbeitsumfeld, dass unsere Mieter als sehr angenehm empfinden.<\/p>\n<\/div>\n","protected":false},"excerpt":{"rendered":"<p>A1 Projects ist eine private Gesellschaft, die speziell auf den deutschen Immobilienmarkt t\u00e4tig ist. Durch unsere Erfahrung und eine sehr spezifische und einzigartige Einkaufspolitik, haben wir die M\u00f6glichkeit genutzt, eine deutsche Immobilienportfolio von sehr hoher Qualit\u00e4t aufzubauen. Verwaltung der Geb\u00e4ude und den Kontakt mit den Mietern, geschieht so oft wie m\u00f6glich aus unserem B\u00fcro. Zusammen [&hellip;]<\/p>\n","protected":false},"author":1,"featured_media":0,"parent":0,"menu_order":0,"comment_status":"open","ping_status":"open","template":"","meta":{"inline_featured_image":false,"site-sidebar-layout":"default","site-content-layout":"","ast-site-content-layout":"default","site-content-style":"default","site-sidebar-style":"default","ast-global-header-display":"","ast-banner-title-visibility":"","ast-main-header-display":"","ast-hfb-above-header-display":"","ast-hfb-below-header-display":"","ast-hfb-mobile-header-display":"","site-post-title":"","ast-breadcrumbs-content":"","ast-featured-img":"","footer-sml-layout":"","ast-disable-related-posts":"","theme-transparent-header-meta":"","adv-header-id-meta":"","stick-header-meta":"","header-above-stick-meta":"","header-main-stick-meta":"","header-below-stick-meta":"","astra-migrate-meta-layouts":"default","ast-page-background-enabled":"default","ast-page-background-meta":{"desktop":{"background-color":"","background-image":"","background-repeat":"repeat","background-position":"center center","background-size":"auto","background-attachment":"scroll","background-type":"","background-media":"","overlay-type":"","overlay-color":"","overlay-opacity":"","overlay-gradient":""},"tablet":{"background-color":"","background-image":"","background-repeat":"repeat","background-position":"center center","background-size":"auto","background-attachment":"scroll","background-type":"","background-media":"","overlay-type":"","overlay-color":"","overlay-opacity":"","overlay-gradient":""},"mobile":{"background-color":"","background-image":"","background-repeat":"repeat","background-position":"center center","background-size":"auto","background-attachment":"scroll","background-type":"","background-media":"","overlay-type":"","overlay-color":"","overlay-opacity":"","overlay-gradient":""}},"ast-content-background-meta":{"desktop":{"background-color":"var(--ast-global-color-5)","background-image":"","background-repeat":"repeat","background-position":"center center","background-size":"auto","background-attachment":"scroll","background-type":"","background-media":"","overlay-type":"","overlay-color":"","overlay-opacity":"","overlay-gradient":""},"tablet":{"background-color":"var(--ast-global-color-5)","background-image":"","background-repeat":"repeat","background-position":"center center","background-size":"auto","background-attachment":"scroll","background-type":"","background-media":"","overlay-type":"","overlay-color":"","overlay-opacity":"","overlay-gradient":""},"mobile":{"background-color":"var(--ast-global-color-5)","background-image":"","background-repeat":"repeat","background-position":"center center","background-size":"auto","background-attachment":"scroll","background-type":"","background-media":"","overlay-type":"","overlay-color":"","overlay-opacity":"","overlay-gradient":""}},"footnotes":""},"_links":{"self":[{"href":"https:\/\/a1projects.eu\/de\/wp-json\/wp\/v2\/pages\/24"}],"collection":[{"href":"https:\/\/a1projects.eu\/de\/wp-json\/wp\/v2\/pages"}],"about":[{"href":"https:\/\/a1projects.eu\/de\/wp-json\/wp\/v2\/types\/page"}],"author":[{"embeddable":true,"href":"https:\/\/a1projects.eu\/de\/wp-json\/wp\/v2\/users\/1"}],"replies":[{"embeddable":true,"href":"https:\/\/a1projects.eu\/de\/wp-json\/wp\/v2\/comments?post=24"}],"version-history":[{"count":2,"href":"https:\/\/a1projects.eu\/de\/wp-json\/wp\/v2\/pages\/24\/revisions"}],"predecessor-version":[{"id":978,"href":"https:\/\/a1projects.eu\/de\/wp-json\/wp\/v2\/pages\/24\/revisions\/978"}],"wp:attachment":[{"href":"https:\/\/a1projects.eu\/de\/wp-json\/wp\/v2\/media?parent=24"}],"curies":[{"name":"wp","href":"https:\/\/api.w.org\/{rel}","templated":true}]}}